{"id":34,"date":"2026-01-20T15:15:18","date_gmt":"2026-01-20T14:15:18","guid":{"rendered":"https:\/\/evolt-cnc.com\/?page_id=34"},"modified":"2026-02-27T11:01:20","modified_gmt":"2026-02-27T10:01:20","slug":"impresszum","status":"publish","type":"page","link":"https:\/\/evolt-cnc.com\/hu\/impressum\/","title":{"rendered":"Impresszum"},"content":{"rendered":"<h3 class=\"wp-block-heading\"><strong>Impresszum<\/strong><\/h3>\n\n\n\n<h4 class=\"wp-block-heading\"><strong>EVOLT Kft.<\/strong><\/h4>\n\n\n\n<p>Sz\u00e9khely:<br>H-8000 Sz\u00e9kesfeh\u00e9rv\u00e1r, Sereg u. 1-5.<\/p>\n\n\n\n<p>Levelez\u00e9si c\u00edm:<br>H-8000 Sz\u00e9kesfeh\u00e9rv\u00e1r, Sereg u. 1-5.<\/p>\n\n\n\n<p>\u00dcgyvezet\u0151 igazgat\u00f3: Schindele Zsolt<br>K\u00f6z\u00f6ss\u00e9gi ad\u00f3sz\u00e1m (EU): HU 22927570<br>C\u00e9gjegyz\u00e9ksz\u00e1m: Cg. 07-09-018991<br>Telefonsz\u00e1m:&nbsp;<a href=\"tel:+3622584164\">+36 22 584 164<\/a><br>E-mail c\u00edm:&nbsp;<a href=\"mailto:office@evolt-cnc.com\">office@evolt-cnc.com<\/a><\/p>\n\n\n\n<p><strong>\u00a9 Copyright 2026, EVOLT Kft., Sz\u00e9kesfeh\u00e9rv\u00e1r, Magyarorsz\u00e1g<\/strong><\/p>\n\n\n\n<p>Minden jog fenntartva.<\/p>\n\n\n\n<p>Az EVOLT weboldalain tal\u00e1lhat\u00f3 sz\u00f6vegek, k\u00e9pek, grafik\u00e1k, zenei anyagok, anim\u00e1ci\u00f3k \u00e9s vide\u00f3k, valamint azok elrendez\u00e9se szerz\u0151i jogi v\u00e9delem \u00e9s egy\u00e9b vonatkoz\u00f3 jogszab\u00e1lyok hat\u00e1lya al\u00e1 tartoznak.<\/p>\n\n\n\n<p>Tilos a weboldalak tartalm\u00e1nak kereskedelmi c\u00e9l\u00fa m\u00e1sol\u00e1sa, terjeszt\u00e9se, m\u00f3dos\u00edt\u00e1sa vagy harmadik f\u00e9l r\u00e9sz\u00e9re t\u00f6rt\u00e9n\u0151 \u00e1tad\u00e1sa. Egyes EVOLT weboldalakon harmadik felek tulajdon\u00e1t k\u00e9pez\u0151 k\u00e9pek is megjelenhetnek.<\/p>","protected":false},"excerpt":{"rendered":"<p>Impressum EVOLT Kft. Registered office:H-8000 Sz\u00e9kesfeh\u00e9rv\u00e1r, Sereg u. 1-5. Mailing address:H-8000 Sz\u00e9kesfeh\u00e9rv\u00e1r, Sereg u. 1-5. Managing Director: Schindele ZsoltEU tax number: HU 22927570Company registration number: Cg. 07-09-018991Phone number:&nbsp;+36 22 584 164E-mail address:&nbsp;office@evolt-cnc.com \u00a9 Copyright 2026, EVOLT Kft., Sz\u00e9kesfeh\u00e9rv\u00e1r, Hungary All rights reserved. The text, images, graphics, music, animations and videos found on EVOLT websites, as [&hellip;]<\/p>\n","protected":false},"author":1,"featured_media":0,"parent":0,"menu_order":0,"comment_status":"closed","ping_status":"closed","template":"","meta":{"_acf_changed":false,"_seopress_robots_primary_cat":"","_seopress_titles_title":"Impressum & Legal Notice | EVOLT Precision","_seopress_titles_desc":"Official company information and legal notice for EVOLT Precision. View our corporate registration details, contact information, and legal representatives.","_seopress_robots_index":"","footnotes":""},"class_list":["post-34","page","type-page","status-publish","hentry"],"acf":[],"_links":{"self":[{"href":"https:\/\/evolt-cnc.com\/hu\/wp-json\/wp\/v2\/pages\/34","targetHints":{"allow":["GET"]}}],"collection":[{"href":"https:\/\/evolt-cnc.com\/hu\/wp-json\/wp\/v2\/pages"}],"about":[{"href":"https:\/\/evolt-cnc.com\/hu\/wp-json\/wp\/v2\/types\/page"}],"author":[{"embeddable":true,"href":"https:\/\/evolt-cnc.com\/hu\/wp-json\/wp\/v2\/users\/1"}],"replies":[{"embeddable":true,"href":"https:\/\/evolt-cnc.com\/hu\/wp-json\/wp\/v2\/comments?post=34"}],"version-history":[{"count":9,"href":"https:\/\/evolt-cnc.com\/hu\/wp-json\/wp\/v2\/pages\/34\/revisions"}],"predecessor-version":[{"id":1166,"href":"https:\/\/evolt-cnc.com\/hu\/wp-json\/wp\/v2\/pages\/34\/revisions\/1166"}],"wp:attachment":[{"href":"https:\/\/evolt-cnc.com\/hu\/wp-json\/wp\/v2\/media?parent=34"}],"curies":[{"name":"wp","href":"https:\/\/api.w.org\/{rel}","templated":true}]}}