{"id":34,"date":"2026-01-20T15:15:18","date_gmt":"2026-01-20T14:15:18","guid":{"rendered":"https:\/\/evolt-cnc.com\/?page_id=34"},"modified":"2026-02-27T11:01:20","modified_gmt":"2026-02-27T10:01:20","slug":"mentions-legales","status":"publish","type":"page","link":"https:\/\/evolt-cnc.com\/fr\/impressum\/","title":{"rendered":"Mentions l\u00e9gales"},"content":{"rendered":"<h3 class=\"wp-block-heading\"><strong>Mentions l\u00e9gales<\/strong><\/h3>\n\n\n\n<h4 class=\"wp-block-heading\"><strong>EVOLT Kft.<\/strong><\/h4>\n\n\n\n<p>Si\u00e8ge social:<br>Sereg u. 1-5, H-8000 Sz\u00e9kesfeh\u00e9rv\u00e1r<\/p>\n\n\n\n<p>Adresse postale:<br>Sereg u. 1-5, H-8000 Sz\u00e9kesfeh\u00e9rv\u00e1r<\/p>\n\n\n\n<p>Directeur g\u00e9n\u00e9ral: Zsolt Schindele<br>N\u00b0 de TVA intracommunautaire: HU 22927570<br>N\u00b0 d\u2019immatriculation de la soci\u00e9t\u00e9: Cg. 07-09-018991<br>T\u00e9l\u00e9phone:&nbsp;<a href=\"tel:+3622584164\">+36 22 584 164<\/a><br>E-mail:&nbsp;<a href=\"mailto:office@evolt-cnc.com\">office@evolt-cnc.com<\/a><\/p>\n\n\n\n<p><strong>\u00a9 Copyright 2026, EVOLT Kft., Sz\u00e9kesfeh\u00e9rv\u00e1r, Hongrie<\/strong><\/p>\n\n\n\n<p>Tous droits r\u00e9serv\u00e9s.<\/p>\n\n\n\n<p>Les textes, images, graphismes, musiques, animations et vid\u00e9os figurant sur les sites EVOLT, ainsi que leur mise en forme et leur agencement, sont prot\u00e9g\u00e9s par le droit d\u2019auteur et par d\u2019autres lois applicables.<\/p>\n\n\n\n<p>Il est interdit de copier, distribuer, modifier ou transf\u00e9rer \u00e0 des tiers, \u00e0 des fins commerciales, le contenu de ces sites. Certains sites EVOLT contiennent \u00e9galement des images appartenant \u00e0 des tiers.<\/p>","protected":false},"excerpt":{"rendered":"<p>Impressum EVOLT Kft. Registered office:H-8000 Sz\u00e9kesfeh\u00e9rv\u00e1r, Sereg u. 1-5. Mailing address:H-8000 Sz\u00e9kesfeh\u00e9rv\u00e1r, Sereg u. 1-5. Managing Director: Schindele ZsoltEU tax number: HU 22927570Company registration number: Cg. 07-09-018991Phone number:&nbsp;+36 22 584 164E-mail address:&nbsp;office@evolt-cnc.com \u00a9 Copyright 2026, EVOLT Kft., Sz\u00e9kesfeh\u00e9rv\u00e1r, Hungary All rights reserved. The text, images, graphics, music, animations and videos found on EVOLT websites, as [&hellip;]<\/p>\n","protected":false},"author":1,"featured_media":0,"parent":0,"menu_order":0,"comment_status":"closed","ping_status":"closed","template":"","meta":{"_acf_changed":false,"_seopress_robots_primary_cat":"","_seopress_titles_title":"Impressum & Legal Notice | EVOLT Precision","_seopress_titles_desc":"Official company information and legal notice for EVOLT Precision. View our corporate registration details, contact information, and legal representatives.","_seopress_robots_index":"","footnotes":""},"class_list":["post-34","page","type-page","status-publish","hentry"],"acf":[],"_links":{"self":[{"href":"https:\/\/evolt-cnc.com\/fr\/wp-json\/wp\/v2\/pages\/34","targetHints":{"allow":["GET"]}}],"collection":[{"href":"https:\/\/evolt-cnc.com\/fr\/wp-json\/wp\/v2\/pages"}],"about":[{"href":"https:\/\/evolt-cnc.com\/fr\/wp-json\/wp\/v2\/types\/page"}],"author":[{"embeddable":true,"href":"https:\/\/evolt-cnc.com\/fr\/wp-json\/wp\/v2\/users\/1"}],"replies":[{"embeddable":true,"href":"https:\/\/evolt-cnc.com\/fr\/wp-json\/wp\/v2\/comments?post=34"}],"version-history":[{"count":9,"href":"https:\/\/evolt-cnc.com\/fr\/wp-json\/wp\/v2\/pages\/34\/revisions"}],"predecessor-version":[{"id":1166,"href":"https:\/\/evolt-cnc.com\/fr\/wp-json\/wp\/v2\/pages\/34\/revisions\/1166"}],"wp:attachment":[{"href":"https:\/\/evolt-cnc.com\/fr\/wp-json\/wp\/v2\/media?parent=34"}],"curies":[{"name":"wp","href":"https:\/\/api.w.org\/{rel}","templated":true}]}}